{"id":2624,"date":"2025-09-02T18:45:01","date_gmt":"2025-09-02T16:45:01","guid":{"rendered":"https:\/\/natureandhome.fr\/privacy-policy\/"},"modified":"2025-09-02T18:45:01","modified_gmt":"2025-09-02T16:45:01","slug":"privacy-policy","status":"publish","type":"page","link":"https:\/\/natureandhome.fr\/en\/privacy-policy\/","title":{"rendered":"PRIVACY POLICY"},"content":{"rendered":"\n<ol class=\"wp-block-list\">\n<li><strong>The objective of the policy <\/strong><\/li>\n<\/ol>\n\n\n\n<p>This privacy policy has been established to inform users of the natureandhome.fr website, owned and managed by NATURE&amp; HOME, of the following terms and conditions:<\/p>\n\n\n\n<p>Personal data collected by the website<br>Use of this data<br>Access to this data<br>Rights of website users<br>Policy on the use of cookies<\/p>\n\n\n\n<p>This privacy policy operates in parallel with the general terms and conditions of sale of natureandhome.fr.<\/p>\n\n\n\n<p><strong>B. Applicable laws<\/strong><\/p>\n\n\n\n<p>In accordance with the General Data Protection Regulation, this privacy policy is subject to the following regulations:<\/p>\n\n\n\n<p>Personal data is:<\/p>\n\n\n\n<p>\u2013 processed lawfully and transparently;<\/p>\n\n\n\n<p>\u2013 collected for specified, explicit, and legitimate purposes, and will not be further processed in a manner incompatible with those purposes. In accordance with Article 89(1) of the GDPR, the storage and processing of such data for archiving purposes in the public interest, scientific or historical research purposes or statistical purposes shall not be considered incompatible with the initial purposes. <\/p>\n\n\n\n<p>\u2013 adequate, relevant, and limited to what is necessary in the context of the purposes for which they are processed;<\/p>\n\n\n\n<p>\u2013 accurate and, where necessary, kept up to date. Every reasonable step will be taken to correct data that is inaccurate in relation to the purpose for which it was collected; <\/p>\n\n\n\n<p>\u2013 stored in a form that allows the identification of the persons concerned for a period sufficient for their processing;<br>processed in a manner that guarantees their security, including with regard to unauthorized or unlawful processing, accidental or intentional loss or destruction of such data.<\/p>\n\n\n\n<p>The processing of collected data is lawful only if at least one of the following conditions is met:<\/p>\n\n\n\n<p>The data subject has consented to the processing of their data for one or more specific purposes.<br>The processing of the data is necessary for the performance of a contract to which the data subject is party or in order to take steps at the request of the data subject prior to entering into a contract.<\/p>\n\n\n\n<p>Processing is necessary for compliance with a legal obligation to which the controller, NATURE&amp;HOME, is subject.<br>Processing is necessary in order to protect the vital interests of any natural person.<br>Processing is necessary for the performance of a task carried out in the public interest and entrusted to NATURE&amp;HOME.<br>Processing is necessary for the purposes of the legitimate interests pursued by the controller or by a third party, except where such interests are overridden by the interests, freedoms, or fundamental rights of the data subject.<\/p>\n\n\n\n<p><strong>C. Consent<\/strong><\/p>\n\n\n\n<p>By using the natureandhome.fr website, users agree to:<\/p>\n\n\n\n<p>All terms and conditions included in this privacy policy;<br>The collection, use, and storage of data listed in this privacy policy.<\/p>\n\n\n\n<p><strong>D. Personal data collected<\/strong><\/p>\n\n\n\n<p>When browsing the natureandhome.fr website, various personal data about users is collected.<\/p>\n\n\n\n<p>The following data is collected automatically:<\/p>\n\n\n\n<p>IP<\/p>\n\n\n\n<p>Les donn\u00e9es suivantes sont recueillies de mani\u00e8re non-automatique :<\/p>\n\n\n\n<p>Nom, email, t\u00e9l\u00e9phone, message personnalis\u00e9, gclid google.<\/p>\n\n\n\n<p>Ces donn\u00e9es sont recueillies en remplissant l\u2019un de nos formulaires<\/p>\n\n\n\n<p>Aucune donn\u00e9e suppl\u00e9mentaire n\u2019est collect\u00e9e sans vous en informer au pr\u00e9alable.<\/p>\n\n\n\n<p><strong>E. Traitement des donn\u00e9es<\/strong><\/p>\n\n\n\n<p>Les donn\u00e9es personnelles recueillies sur le site natureandhome.fr ne sont collect\u00e9es et trait\u00e9es que dans le cadre des fins pr\u00e9cis\u00e9es dans la pr\u00e9sente politique de confidentialit\u00e9 et \/ ou dans les pages pertinentes du site. Les donn\u00e9es personnelles que nous collectons ne seront pas utilis\u00e9es \u00e0 d\u2019autres fins. Les donn\u00e9es personnelles ne sont jamais c\u00e9d\u00e9es ou vendues.  <\/p>\n\n\n\n<p>Les informations remplis sur nos formulaires serviront \u00e0 vous recontacter et vous fournir le meilleur service possible.<\/p>\n\n\n\n<p><strong>F. Partage des donn\u00e9es personnelles recueillies<\/strong><\/p>\n\n\n\n<p>Nous pouvons ouvertement divulguer les informations aux employ\u00e9s de l\u2019entreprise NATURE&amp;HOME dans la mesure o\u00f9 ceux-ci en ont besoin pour poursuivre la fin pr\u00e9vue dans cette politique. Certaines informations sont partag\u00e9es avec nos sous-traitants : prestataire d\u2019h\u00e9bergement, prestataire de gestion des flux bancaires, CRM, prestataire d\u2019emailing, prestataire de gestion de projets en ligne afin g\u00e9rer la plateforme, nous mettre en conformit\u00e9 avec nos obligations r\u00e9glementaires et am\u00e9liorer votre exp\u00e9rience. <\/p>\n\n\n\n<p>Par ailleurs, les donn\u00e9es personnelles collect\u00e9es pourront \u00eatre partag\u00e9es :<\/p>\n\n\n\n<p>Si l\u2019entreprise NATURE&amp;HOME y est contrainte par la loi<br>Si les informations sont requises pour toute proc\u00e9dure judiciaire<br>Afin de prot\u00e9ger les droits l\u00e9gaux de l\u2019entreprise NATURE&amp;HOME<\/p>\n\n\n\n<p>En dehors des situations pr\u00e9vues dans cette pr\u00e9sente politique, les informations personnelles ne seront en aucun cas divulgu\u00e9es ou partag\u00e9es \u00e0 des tiers.<\/p>\n\n\n\n<p><strong>G.&nbsp; Stockage et protection des donn\u00e9es personnelles<\/strong><\/p>\n\n\n\n<p>L\u2019entreprise NATURE&amp;HOME ne conserve pas les donn\u00e9es personnelles plus longtemps que ce qui est n\u00e9cessaire \u00e0 la r\u00e9alisation des fins pour lesquelles elles sont collect\u00e9es.<\/p>\n\n\n\n<p>La s\u00e9curit\u00e9 des Donn\u00e9es Personnelles<\/p>\n\n\n\n<p>NATURE&amp;HOME s\u2019engage \u00e0 prendre toutes les mesures n\u00e9cessaires afin d\u2019assurer la s\u00e9curit\u00e9 et la confidentialit\u00e9 des donn\u00e9es personnelles des clients et notamment \u00e0 emp\u00eacher qu\u2019elles ne soient endommag\u00e9es, effac\u00e9es ou que des tiers non autoris\u00e9s y aient acc\u00e8s. NATURE&amp;HOME ne proc\u00e8de pas \u00e0 la commercialisation des donn\u00e9es personnelles de ses utilisateurs. <\/p>\n\n\n\n<p>Par ailleurs, en cas d\u2019incident de s\u00e9curit\u00e9 affectant les donn\u00e9es personnelles des Clients (destruction, perte, alt\u00e9ration ou divulgation), NATURE&amp;HOME s\u2019engage \u00e0 respecter l\u2019obligation de notification des violations de donn\u00e9es personnelles, notamment aupr\u00e8s de la CNIL.<\/p>\n\n\n\n<p><strong>H.&nbsp; Droits de l\u2019utilisateur<\/strong><\/p>\n\n\n\n<p>Conform\u00e9ment au chapitre 3, art 12-23 du RGPD, les utilisateurs du site natureandhome.fr ont, en ce qui concerne leurs donn\u00e9es personnelles, les droits suivants :<\/p>\n\n\n\n<p>Droit d\u2019acc\u00e8s&nbsp;: le Client peut avoir communication de ses donn\u00e9es personnelles faisant l\u2019objet d\u2019un traitement par NATURE&amp;HOME<\/p>\n\n\n\n<p>Droit de rectification&nbsp;: le Client peut mettre \u00e0 jour ses donn\u00e9es personnelles ou faire rectifier ses donn\u00e9es personnelles trait\u00e9es par NATURE&amp;HOME<\/p>\n\n\n\n<p>Droit d\u2019opposition&nbsp;: le Client peut exprimer son souhait de ne plus recevoir de communication de la part de NATURE&amp;HOME ou demander \u00e0 ce que ses donn\u00e9es personnelles ne fassent plus l\u2019objet d\u2019un traitement&nbsp;;&nbsp;<\/p>\n\n\n\n<p>Droit \u00e0 l\u2019effacement&nbsp;: le Client peut demander la suppression de ses donn\u00e9es personnelles&nbsp;;&nbsp;<\/p>\n\n\n\n<p>Right to restriction: The Customer may request the suspension of the processing of their personal data in the following cases:<\/p>\n\n\n\n<ul class=\"wp-block-list\">\n<li>During the verification period we implement, when you dispute the accuracy of your personal data,<\/li>\n\n\n\n<li>When the processing of this data is unlawful, and you wish to restrict this processing rather than delete your data,<\/li>\n\n\n\n<li>When we no longer need your personal data, but you wish to retain it in order to exercise your rights,<\/li>\n\n\n\n<li>During the period of verification of legitimate grounds, when you have objected to the processing of your personal data. <\/li>\n<\/ul>\n\n\n\n<p>Right to portability: the Customer may request NATURE&amp;HOME to retrieve their personal data in order to dispose of it.<\/p>\n\n\n\n<p><strong>I.&lt; 0 &gt; Cookie Policy<\/strong><\/p>\n\n\n\n<p>A cookie is a file stored on a user&#8217;s hard drive when they browse a website. This cookie provides more information about the user&#8217;s browsing habits in order to offer them a better user experience. <\/p>\n\n\n\n<p><strong>J.&lt; 0 &gt; Changes to the Privacy Policy<\/strong><\/p>\n\n\n\n<p>In order to comply with the law or to reflect any changes in our personal data management process, this privacy policy may be subject to change and modification on a regular basis. Users are advised to check this policy regularly to stay informed about our policy regarding the collection and processing of personal data. <\/p>\n\n\n\n<p><strong>K.&nbsp; Contact<\/strong><\/p>\n\n\n\n<p>NATURE &amp; HOME<\/p>\n\n\n\n<p>142 bis avenue Thibaud de champagne 77144 Mont\u00e9vrain<\/p>\n\n\n\n<p>contact@natureandhome.fr<\/p>\n\n\n\n<p>01.89.70.16.12<\/p>\n","protected":false},"excerpt":{"rendered":"<p>This privacy policy has been established to inform users of the natureandhome.fr website, owned and managed by NATURE&amp; HOME, of the following terms and conditions: Personal data collected by the websiteUse of this dataAccess to this dataRights of website usersPolicy on the use of cookies This privacy policy operates in parallel with the general terms&#8230;<\/p>\n","protected":false},"author":1,"featured_media":0,"parent":0,"menu_order":0,"comment_status":"closed","ping_status":"closed","template":"","meta":{"_uag_custom_page_level_css":"","_kad_blocks_custom_css":"","_kad_blocks_head_custom_js":"","_kad_blocks_body_custom_js":"","_kad_blocks_footer_custom_js":"","_kad_post_transparent":"","_kad_post_title":"","_kad_post_layout":"","_kad_post_sidebar_id":"","_kad_post_content_style":"","_kad_post_vertical_padding":"","_kad_post_feature":"","_kad_post_feature_position":"","_kad_post_header":false,"_kad_post_footer":false,"_kad_post_classname":"","footnotes":""},"class_list":["post-2624","page","type-page","status-publish","hentry"],"yoast_head":"<!-- This site is optimized with the Yoast SEO Premium plugin v26.4 (Yoast SEO v26.4) - https:\/\/yoast.com\/wordpress\/plugins\/seo\/ -->\n<title>PRIVACY POLICY -<\/title>\n<meta name=\"robots\" content=\"index, follow, max-snippet:-1, max-image-preview:large, max-video-preview:-1\" \/>\n<link rel=\"canonical\" href=\"https:\/\/natureandhome.fr\/privacy-policy\/\" \/>\n<meta property=\"og:locale\" content=\"en_US\" \/>\n<meta property=\"og:type\" content=\"article\" \/>\n<meta property=\"og:title\" content=\"PRIVACY POLICY\" \/>\n<meta property=\"og:description\" content=\"This privacy policy has been established to inform users of the natureandhome.fr website, owned and managed by NATURE&amp; HOME, of the following terms and conditions: Personal data collected by the websiteUse of this dataAccess to this dataRights of website usersPolicy on the use of cookies This privacy policy operates in parallel with the general terms...\" \/>\n<meta property=\"og:url\" content=\"https:\/\/natureandhome.fr\/privacy-policy\/\" \/>\n<meta name=\"twitter:card\" content=\"summary_large_image\" \/>\n<meta name=\"twitter:label1\" content=\"Est. reading time\" \/>\n\t<meta name=\"twitter:data1\" content=\"6 minutes\" \/>\n<script type=\"application\/ld+json\" class=\"yoast-schema-graph\">{\"@context\":\"https:\/\/schema.org\",\"@graph\":[{\"@type\":\"WebPage\",\"@id\":\"https:\/\/natureandhome.fr\/privacy-policy\/\",\"url\":\"https:\/\/natureandhome.fr\/privacy-policy\/\",\"name\":\"PRIVACY POLICY -\",\"isPartOf\":{\"@id\":\"https:\/\/natureandhome.fr\/#website\"},\"datePublished\":\"2025-09-02T16:45:01+00:00\",\"breadcrumb\":{\"@id\":\"https:\/\/natureandhome.fr\/privacy-policy\/#breadcrumb\"},\"inLanguage\":\"en-US\",\"potentialAction\":[{\"@type\":\"ReadAction\",\"target\":[\"https:\/\/natureandhome.fr\/privacy-policy\/\"]}]},{\"@type\":\"BreadcrumbList\",\"@id\":\"https:\/\/natureandhome.fr\/privacy-policy\/#breadcrumb\",\"itemListElement\":[{\"@type\":\"ListItem\",\"position\":1,\"name\":\"Home\",\"item\":\"https:\/\/natureandhome.fr\/en\/\"},{\"@type\":\"ListItem\",\"position\":2,\"name\":\"PRIVACY POLICY\"}]},{\"@type\":\"WebSite\",\"@id\":\"https:\/\/natureandhome.fr\/#website\",\"url\":\"https:\/\/natureandhome.fr\/\",\"name\":\"nature and home\",\"description\":\"\",\"publisher\":{\"@id\":\"https:\/\/natureandhome.fr\/#organization\"},\"potentialAction\":[{\"@type\":\"SearchAction\",\"target\":{\"@type\":\"EntryPoint\",\"urlTemplate\":\"https:\/\/natureandhome.fr\/?s={search_term_string}\"},\"query-input\":{\"@type\":\"PropertyValueSpecification\",\"valueRequired\":true,\"valueName\":\"search_term_string\"}}],\"inLanguage\":\"en-US\"},{\"@type\":\"Organization\",\"@id\":\"https:\/\/natureandhome.fr\/#organization\",\"name\":\"nature and home\",\"url\":\"https:\/\/natureandhome.fr\/\",\"logo\":{\"@type\":\"ImageObject\",\"inLanguage\":\"en-US\",\"@id\":\"https:\/\/natureandhome.fr\/#\/schema\/logo\/image\/\",\"url\":\"https:\/\/natureandhome.fr\/wp-content\/uploads\/2025\/08\/Group-1171275377.svg\",\"contentUrl\":\"https:\/\/natureandhome.fr\/wp-content\/uploads\/2025\/08\/Group-1171275377.svg\",\"width\":185,\"height\":48,\"caption\":\"nature and home\"},\"image\":{\"@id\":\"https:\/\/natureandhome.fr\/#\/schema\/logo\/image\/\"}}]}<\/script>\n<!-- \/ Yoast SEO Premium plugin. -->","yoast_head_json":{"title":"PRIVACY POLICY -","robots":{"index":"index","follow":"follow","max-snippet":"max-snippet:-1","max-image-preview":"max-image-preview:large","max-video-preview":"max-video-preview:-1"},"canonical":"https:\/\/natureandhome.fr\/privacy-policy\/","og_locale":"en_US","og_type":"article","og_title":"PRIVACY POLICY","og_description":"This privacy policy has been established to inform users of the natureandhome.fr website, owned and managed by NATURE&amp; HOME, of the following terms and conditions: Personal data collected by the websiteUse of this dataAccess to this dataRights of website usersPolicy on the use of cookies This privacy policy operates in parallel with the general terms...","og_url":"https:\/\/natureandhome.fr\/privacy-policy\/","twitter_card":"summary_large_image","twitter_misc":{"Est. reading time":"6 minutes"},"schema":{"@context":"https:\/\/schema.org","@graph":[{"@type":"WebPage","@id":"https:\/\/natureandhome.fr\/privacy-policy\/","url":"https:\/\/natureandhome.fr\/privacy-policy\/","name":"PRIVACY POLICY -","isPartOf":{"@id":"https:\/\/natureandhome.fr\/#website"},"datePublished":"2025-09-02T16:45:01+00:00","breadcrumb":{"@id":"https:\/\/natureandhome.fr\/privacy-policy\/#breadcrumb"},"inLanguage":"en-US","potentialAction":[{"@type":"ReadAction","target":["https:\/\/natureandhome.fr\/privacy-policy\/"]}]},{"@type":"BreadcrumbList","@id":"https:\/\/natureandhome.fr\/privacy-policy\/#breadcrumb","itemListElement":[{"@type":"ListItem","position":1,"name":"Home","item":"https:\/\/natureandhome.fr\/en\/"},{"@type":"ListItem","position":2,"name":"PRIVACY POLICY"}]},{"@type":"WebSite","@id":"https:\/\/natureandhome.fr\/#website","url":"https:\/\/natureandhome.fr\/","name":"nature and home","description":"","publisher":{"@id":"https:\/\/natureandhome.fr\/#organization"},"potentialAction":[{"@type":"SearchAction","target":{"@type":"EntryPoint","urlTemplate":"https:\/\/natureandhome.fr\/?s={search_term_string}"},"query-input":{"@type":"PropertyValueSpecification","valueRequired":true,"valueName":"search_term_string"}}],"inLanguage":"en-US"},{"@type":"Organization","@id":"https:\/\/natureandhome.fr\/#organization","name":"nature and home","url":"https:\/\/natureandhome.fr\/","logo":{"@type":"ImageObject","inLanguage":"en-US","@id":"https:\/\/natureandhome.fr\/#\/schema\/logo\/image\/","url":"https:\/\/natureandhome.fr\/wp-content\/uploads\/2025\/08\/Group-1171275377.svg","contentUrl":"https:\/\/natureandhome.fr\/wp-content\/uploads\/2025\/08\/Group-1171275377.svg","width":185,"height":48,"caption":"nature and home"},"image":{"@id":"https:\/\/natureandhome.fr\/#\/schema\/logo\/image\/"}}]}},"taxonomy_info":[],"featured_image_src_large":false,"author_info":{"display_name":"admin","author_link":"https:\/\/natureandhome.fr\/en\/author\/admin\/"},"comment_info":0,"uagb_featured_image_src":{"full":false,"thumbnail":false,"medium":false,"medium_large":false,"large":false,"1536x1536":false,"2048x2048":false},"uagb_author_info":{"display_name":"admin","author_link":"https:\/\/natureandhome.fr\/en\/author\/admin\/"},"uagb_comment_info":0,"uagb_excerpt":"This privacy policy has been established to inform users of the natureandhome.fr website, owned and managed by NATURE&amp; HOME, of the following terms and conditions: Personal data collected by the websiteUse of this dataAccess to this dataRights of website usersPolicy on the use of cookies This privacy policy operates in parallel with the general terms...","_links":{"self":[{"href":"https:\/\/natureandhome.fr\/en\/wp-json\/wp\/v2\/pages\/2624","targetHints":{"allow":["GET"]}}],"collection":[{"href":"https:\/\/natureandhome.fr\/en\/wp-json\/wp\/v2\/pages"}],"about":[{"href":"https:\/\/natureandhome.fr\/en\/wp-json\/wp\/v2\/types\/page"}],"author":[{"embeddable":true,"href":"https:\/\/natureandhome.fr\/en\/wp-json\/wp\/v2\/users\/1"}],"replies":[{"embeddable":true,"href":"https:\/\/natureandhome.fr\/en\/wp-json\/wp\/v2\/comments?post=2624"}],"version-history":[{"count":0,"href":"https:\/\/natureandhome.fr\/en\/wp-json\/wp\/v2\/pages\/2624\/revisions"}],"wp:attachment":[{"href":"https:\/\/natureandhome.fr\/en\/wp-json\/wp\/v2\/media?parent=2624"}],"curies":[{"name":"wp","href":"https:\/\/api.w.org\/{rel}","templated":true}]}}